{"id":5716,"date":"2024-02-14T10:15:32","date_gmt":"2024-02-14T09:15:32","guid":{"rendered":"https:\/\/turbulatorss.com\/privacy-policy\/"},"modified":"2024-02-14T10:17:26","modified_gmt":"2024-02-14T09:17:26","slug":"privacy-policy","status":"publish","type":"page","link":"https:\/\/turbulatorss.com\/it\/privacy-policy\/","title":{"rendered":"Privacy Policy"},"content":{"rendered":"\t\t<div data-elementor-type=\"wp-page\" data-elementor-id=\"5716\" class=\"elementor elementor-5716 elementor-5711\">\r\n\t\t\t\t\t\t\t\t\t<section class=\"elementor-section elementor-top-section elementor-element elementor-element-f0d3fa9 elementor-section-boxed elementor-section-height-default elementor-section-height-default wpr-particle-no wpr-jarallax-no wpr-parallax-no wpr-sticky-section-no\" data-id=\"f0d3fa9\" data-element_type=\"section\">\r\n\t\t\t\t\t\t<div class=\"elementor-container elementor-column-gap-default\">\r\n\t\t\t\t\t<div class=\"elementor-column elementor-col-100 elementor-top-column elementor-element elementor-element-1071716\" data-id=\"1071716\" data-element_type=\"column\">\r\n\t\t\t<div class=\"elementor-widget-wrap elementor-element-populated\">\r\n\t\t\t\t\t\t\t\t<div class=\"elementor-element elementor-element-0c6757e elementor-widget elementor-widget-html\" data-id=\"0c6757e\" data-element_type=\"widget\" data-widget_type=\"html.default\">\r\n\t\t\t\t<div class=\"elementor-widget-container\">\r\n\t\t\t<html>\n  <head>\n    <style>@import url('https:\/\/fonts.googleapis.com\/css?family=Open+Sans:400,700');\n\nbody {\n  font-family: 'Open Sans', sans-serif;\n  font-size: 10pt;\n  padding-left: 3px;\n}\n\nh4, strong {\n  font-family: 'Open Sans', sans-serif;\n  font-weight: bold;\n}\n\nh1 {\n  font-size: 14pt;\n  font-family: 'Open Sans', sans-serif;\n}\n\nh4 {\n  font-size: 10pt;\n  margin-bottom: 2pt;\n}\n\nbody.small {\n  font-size: 8pt;\n}\n\nbody.small h1 {\n  font-size: 10pt;\n}\n\nbody.small h4 {\n  font-size: 8pt;\n}\n\ndiv.small {\n  font-size: 8pt;\n}\n\np, li {\n  font-family: 'Open Sans', sans-serif;\n  text-align: justify;\n  line-height: 140%;\n}\n\nli.left {\n  text-align: left\n}\n\nli {\n  margin-bottom: 0.8em;\n  \/*list-style-position: inside;*\/\n}\n\nli li {\n  margin-left: -17pt;\n}\n\nbody &gt; ol, div &gt; ol {\n  margin-left: -20pt;\n}\n\nul, ol {\n  margin-top: 5pt;\n}\n\n.center {\n  text-align: center;\n}\n\n.right {\n  text-align: right;\n}\n\ndiv.rightFloat {\n  float: right;\n}\n\ndiv.leftFloat {\n  float: left;\n}\n\ndiv.clearFloat {\n  clear: both;\n}\n\ndiv {\n  margin: 0;\n  padding: 0;\n}\n\n.red {\n  color: red;\n}\n\ntable {\n  width: 100%;\n  border-left: 1px solid #ccc;\n  border-right: 1px solid #ccc;\n  border-bottom: 1px solid #ccc;\n}\n\ntable.two-colums td {\n  width: 45%;\n}\n\ntd, th {\n  font-size: 12px;\n  text-align: left;\n  padding: 10px;\n  border-top: 1px solid #ddd;\n}\n\ntd li {\n  text-align: left;\n}\n\ntable tr.title {\n  font-weight: bold;\n}\n\ntable.compact {\n  border-collapse: collapse;\n}\n\ntable.compact li, table.compact ul {\n  margin-left: 8px;\n  padding-left: 0;\n}\n\ntable.compact, table.compact th, table.compact td {\n  border: 1px solid black;\n}\n\ntable.compact th, table.compact td {\n  font-size: 10px;\n  padding: 4px;\n}\n\ntable.no-border, table.no-border td, table.no-border tr {\n  border: 0;\n}\n\n.page-break {\n  page-break-before: always;\n}\n<\/style>\n  <\/head>\n  <body data-rsssl=1>\n    <div class=\"center\">\n      <h1>\n        Informativa Privacy\n      <\/h1>\n      <br\/>\n    <\/div>\n    <div>\n      <p>\n        Lo scopo del presente documento \u00e8 di informare la persona fisica (di seguito \u201c<strong>Interessato<\/strong>\u201d) relativamente al trattamento dei suoi dati personali (di seguito \u201c<strong>Dati Personali<\/strong>\u201d) raccolti dal titolare del trattamento,\n        Be. Tube SRL,\n        con sede legale in  Via Cervese 6221 47522 Cesena (FC),\n        CF\/Partita IVA IT03891820403,\n        indirizzo e-mail  info@betubesrl.com,\n        (di seguito \u201c<strong>Titolare<\/strong>\u201d), tramite\n        il sito web\n        https:\/\/www.turbulatorss.com\/ (di seguito \u201c<strong>Applicazione<\/strong>\u201d).\n      <\/p>\n      <p>Le modifiche e gli aggiornamenti saranno vincolanti non appena pubblicati sull\u2019Applicazione. In caso di mancata accettazione delle modifiche apportate all\u2019Informativa Privacy, l\u2019Interessato \u00e8 tenuto a cessare l\u2019utilizzo di questa Applicazione e pu\u00f2 richiedere al Titolare di cancellare i propri Dati Personali.<\/p>\n    <\/div>\n    <ol>\n      <li>\n        <h4>Categorie di Dati Personali trattati<\/h4>\n        <p>Il Titolare tratta le seguenti tipologie di Dati Personali forniti volontariamente dall\u2019Interessato:<\/p>\n        <ul>\n          <li>\n            <strong>Dati di contatto<\/strong>: nome, cognome, indirizzo, e-mail, telefono, immagini, credenziali di autenticazione, eventuali ulteriori informazioni inviate dall'Interessato, etc.\n          <\/li>\n        <\/ul>\n        <p>Il Titolare tratta le seguenti tipologie di Dati Personali raccolti in maniera automatizzata:<\/p>\n        <ul>\n          <li>\n            <strong>Dati tecnici<\/strong>: Dati Personali prodotti dai dispositivi, dalle applicazioni, dagli strumenti e dai protocolli utilizzati, quali ad esempio, informazioni sul dispositivo utilizzato, indirizzi IP, tipo di browser, tipo di provider Internet (ISP). Tali Dati Personali possono lasciare tracce che, in particolare se combinate con identificativi univoci e altre informazioni ricevute dai server, possono essere utilizzate per creare profili delle persone fisiche\n          <\/li>\n          <li>\n            <strong>Dati di navigazione e di utilizzo dell\u2019Applicazione<\/strong>: quali, ad esempio, pagine visitate, numero di clic, azioni compiute, durata delle sessioni, etc.\n          <\/li>\n        <\/ul>\n        <p>Il mancato conferimento da parte dell\u2019Interessato dei Dati Personali per i quali sussiste l\u2019obbligo legale, contrattuale o qualora costituiscano requisito necessario per la conclusione del contratto con il Titolare, comporter\u00e0 l\u2019impossibilit\u00e0 del Titolare di instaurare o proseguire il rapporto con l\u2019Interessato.<\/p>\n        <p>L\u2019Interessato che comunichi al Titolare Dati Personali di terzi \u00e8 direttamente ed esclusivamente responsabile della loro provenienza, raccolta, trattamento, comunicazione o diffusione.<\/p>\n      <\/li>\n      <li>\n        <h4>Cookie e tecnologie simili<\/h4>\n        <p>\n          L'Applicazione usa cookie, web beacon, identificatori univoci e altre analoghe tecnologie per raccogliere Dati Personali dell\u2019Interessato sulle pagine, sui collegamenti visitati e sulle altre azioni che si eseguono quando l\u2019Interessato utilizza l\u2019Applicazione. Essi vengono memorizzati per essere poi trasmessi alla successiva visita dell'Interessato. Si pu\u00f2 prendere visione della Cookie Policy completa al seguente indirizzo:\n          http:\/\/www.turbulatorss.com\/cookie-policy\n        <\/p>\n      <\/li>\n      <li>\n        <h4>Base giuridica e finalit\u00e0 del trattamento<\/h4>\n        <p>Il trattamento dei Dati Personali \u00e8 necessario:<\/p>\n        <ol type=\"a\">\n          <li>\n            per l'esecuzione del contratto con l\u2019Interessato e precisamente:\n            <ol>\n              <li>\n                <strong>adempimento di ogni obbligo derivante dal rapporto precontrattuale o contrattuale con l\u2019Interessato<\/strong>\n              <\/li>\n            <\/ol>\n          <\/li>\n          <li>\n            per obbligo di legge e precisamente:\n            <ol>\n              <li>\n                <strong>l\u2019adempimento di qualunque obbligo previsto dalle vigenti normative<\/strong>, leggi e regolamenti, in particolare, in materia tributaria e fiscale\n              <\/li>\n            <\/ol>\n          <\/li>\n          <li>\n            sulla base del legittimo interesse del Titolare, per:\n            <ol>\n              <li>\n                <strong>finalit\u00e0 di marketing via email di prodotti e\/o servizi del titolare<\/strong>\n                per vendere direttamente i prodotti o servizi del Titolare utilizzando l\u2019e-mail fornita dall\u2019Interessato nel contesto della vendita di un prodotto o servizio analogo a quello oggetto della vendita\n              <\/li>\n              <li>\n                <strong>statistica con dati anonimi<\/strong>: per effettuare analisi statistiche su dati aggregati e anonimi per analizzare i comportamenti dell\u2019Interessato, per migliorare i prodotti e\/o i servizi forniti dal Titolare e meglio soddisfare le aspettative dell\u2019Interessato\n              <\/li>\n            <\/ol>\n          <\/li>\n          <li>\n            sulla base del consenso dell\u2019Interessato, per:\n            <ol>\n              <li>\n                <strong>profilazione dell\u2019Interessato per fini di marketing<\/strong>:  per fornire all\u2019Interessato informazioni sui prodotti e\/o servizi del Titolare attraverso un trattamento automatizzato finalizzato alla raccolta di informazioni personali con lo scopo di prevedere o valutare le sue preferenze o comportamenti\n              <\/li>\n              <li>\n                <strong>retargeting e remarketing<\/strong>: per raggiungere con un annuncio pubblicitario personalizzato l\u2019Interessato che ha gi\u00e0 visitato o ha dimostrato interesse per i prodotti e\/o servizi offerti dall'Applicazione utilizzando i suoi Dati Personali. L'Interessato pu\u00f2 effettuare l\u2019opt-out visitando la pagina della\n                <a href=\"https:\/\/optout.networkadvertising.org\/?c=1\">Network Advertising Initiative<\/a>\n              <\/li>\n              <li>\n                <strong>finalit\u00e0 di marketing di prodotti e\/o servizi del Titolare<\/strong>: per inviare informazioni o materiali commerciali e\/o promozionali, per effettuare attivit\u00e0 di vendita diretta di prodotti e\/o servizi del Titolare o per compiere ricerche di mercato con modalit\u00e0 automatizzate e tradizionali\n              <\/li>\n            <\/ol>\n          <\/li>\n        <\/ol>\n        <p>I Dati Personali dell'Interessato possono inoltre essere utilizzati dal Titolare per tutelarsi in giudizio avanti le sedi giudiziarie competenti.<\/p>\n      <\/li>\n      <li>\n        <h4>Modalit\u00e0 di trattamento e destinatari dei Dati Personali<\/h4>\n        <p><\/p>\n        <p>Il trattamento dei Dati Personali viene effettuato mediante strumenti cartacei e informatici con modalit\u00e0 organizzative e con logiche strettamente correlate alle finalit\u00e0 indicate e mediante l'adozione di adeguate misure di sicurezza.<\/p>\n        <p>\n          I Dati Personali sono trattati esclusivamente da:\n          <ul>\n            <li>persone autorizzate dal Titolare del trattamento dei Dati Personali che si sono impegnate alla riservatezza o abbiano un adeguato obbligo legale di riservatezza;<\/li>\n            <li>soggetti che operano in autonomia come distinti titolari del trattamento o da soggetti designati quali responsabili del trattamento dal Titolare al fine di svolgere tutte le attivit\u00e0 di trattamento necessarie a perseguire le finalit\u00e0 di cui alla presente informativa (ad esempio, partner commerciali, consulenti, societ\u00e0 informatiche, fornitori di servizi, hosting provider);<\/li>\n            <li>soggetti o enti a cui \u00e8 obbligatorio comunicare i Dati Personali per obbligo di legge o per ordine delle autorit\u00e0.<\/li>\n          <\/ul>\n        <\/p>\n        <p>I soggetti sopra elencati sono tenuti a utilizzare le garanzie appropriate per proteggere i Dati Personali e possono accedere solo a quelli necessari per eseguire i compiti a loro assegnati.<\/p>\n        <p>I Dati Personali non verranno diffusi indiscriminatamente in alcun modo.<\/p>\n      <\/li>\n      <li>\n        <h4>Luogo<\/h4>\n        <p>\n          Se necessario, i Dati Personali potrebbero essere trasferiti a soggetti ubicati al di fuori del territorio dello Spazio Economico Europeo (SEE). Tutte le volte in cui i Dati Personali dovessero essere oggetto di trasferimento al di fuori del SEE, il Titolare adotter\u00e0 ogni misura contrattuale idonea e necessaria a garantire un adeguato livello di protezione dei Dati Personali, inclusi - tra gli altri - gli accordi basati sulle clausole contrattuali standard per il trasferimento dei dati al di fuori del SEE, approvate dalla Commissione Europea. Per richiedere informazioni sulle specifiche garanzie adottate, l\u2019Interessato pu\u00f2 contattare il Titolare al seguente indirizzo e-mail\n           info@betubesrl.com.\n        <\/p>\n      <\/li>\n      <li>\n        <h4>Periodo di conservazione dei Dati Personali<\/h4>\n        <p>\n          I Dati Personali saranno conservati per il periodo di tempo necessario ad adempiere alle finalit\u00e0 per i quali sono stati raccolti, in particolare:\n          <ul>\n            <li>per finalit\u00e0 relative all\u2019esecuzione del contratto tra il Titolare e l\u2019Interessato, saranno conservati per tutta la durata del rapporto contrattuale e, dopo la cessazione, per il periodo di prescrizione ordinario pari a 10 anni. Nel caso di contenzioso giudiziale, per tutta la durata dello stesso, fino all\u2019esaurimento dei termini di esperibilit\u00e0 delle azioni di impugnazione<\/li>\n            <li>per finalit\u00e0 relative al legittimo interesse del Titolare, saranno conservati fino al compimento di tale interesse<\/li>\n            <li>per l\u2019adempimento di un obbligo di legge, per ordine di un\u2019autorit\u00e0 e per la tutela in giudizio, saranno conservati nel rispetto delle tempistiche previste da detti obblighi, normative e comunque sino al compimento del termine prescrizionale previsto dalle norme in vigore<\/li>\n            <li>\n              per finalit\u00e0 basate sul consenso dell\u2019Interessato, saranno conservati sino alla revoca del consenso\n            <\/li>\n          <\/ul>\n        <\/p>\n        <p>Al termine del periodo di conservazione, tutti i Dati Personali saranno cancellati o conservati in una forma che non consenta l\u2019identificazione dell\u2019Interessato.<\/p>\n      <\/li>\n      <li>\n        <h4>Diritti dell\u2019Interessato<\/h4>\n        <p>Gli Interessati possono esercitare determinati diritti con riferimento ai Dati Personali trattati dal Titolare. In particolare, l\u2019Interessato ha il diritto di:<\/p>\n        <ul>\n          <li>essere informato sul trattamento dei propri Dati Personali<\/li>\n          <li>revocare il consenso in ogni momento<\/li>\n          <li>limitare il trattamento dei propri Dati Personali<\/li>\n          <li>opporsi al trattamento dei propri Dati Personali<\/li>\n          <li>accedere ai propri Dati Personali<\/li>\n          <li>verificare e chiedere la rettifica dei propri Dati Personali<\/li>\n          <li>ottenere la limitazione del trattamento dei propri Dati Personali<\/li>\n          <li>ottenere la cancellazione dei propri Dati Personali<\/li>\n          <li>trasferire i propri Dati Personali ad altro titolare<\/li>\n          <li>proporre reclamo all\u2019autorit\u00e0 di controllo della protezione dei propri Dati Personali e\/o agire in sede giudiziale.<\/li>\n        <\/ul>\n        <p>\n          Per esercitare i propri diritti, gli Interessati possono indirizzare una richiesta al seguente indirizzo e-mail\n           info@betubesrl.com. Le richieste saranno prese in carico dal Titolare immediatamente ed evase nel pi\u00f9 breve tempo possibile, in ogni caso entro 30 giorni.\n        <\/p>\n      <\/li>\n    <\/ol>\n    <p>Ultimo aggiornamento: 30\/01\/2023<\/p>\n  <\/body>\n<\/html>\n\t\t<\/div>\r\n\t\t\t\t<\/div>\r\n\t\t\t\t\t<\/div>\r\n\t\t<\/div>\r\n\t\t\t\t\t\t\t<\/div>\r\n\t\t<\/section>\r\n\t\t\t\t\t\t\t<\/div>\r\n\t\t","protected":false},"excerpt":{"rendered":"<p>Informativa Privacy Lo scopo del presente documento \u00e8 di informare la persona fisica (di seguito \u201cInteressato\u201d) relativamente al trattamento dei suoi dati personali (di seguito \u201cDati Personali\u201d) raccolti dal titolare del trattamento, Be. Tube SRL, con sede legale in Via Cervese 6221 47522 Cesena (FC), CF\/Partita IVA IT03891820403, indirizzo e-mail info@betubesrl.com, (di seguito \u201cTitolare\u201d), tramite [&hellip;]<\/p>\n","protected":false},"author":1,"featured_media":0,"parent":0,"menu_order":0,"comment_status":"closed","ping_status":"closed","template":"","meta":{"footnotes":""},"yoast_head":"<!-- This site is optimized with the Yoast SEO plugin v20.8 - https:\/\/yoast.com\/wordpress\/plugins\/seo\/ -->\n<title>Privacy Policy - Turbulators<\/title>\n<meta name=\"robots\" content=\"index, follow, max-snippet:-1, max-image-preview:large, max-video-preview:-1\" \/>\n<link rel=\"canonical\" href=\"https:\/\/turbulatorss.com\/it\/privacy-policy\/\" \/>\n<meta property=\"og:locale\" content=\"it_IT\" \/>\n<meta property=\"og:type\" content=\"article\" \/>\n<meta property=\"og:title\" content=\"Privacy Policy - Turbulators\" \/>\n<meta property=\"og:description\" content=\"Informativa Privacy Lo scopo del presente documento \u00e8 di informare la persona fisica (di seguito \u201cInteressato\u201d) relativamente al trattamento dei suoi dati personali (di seguito \u201cDati Personali\u201d) raccolti dal titolare del trattamento, Be. Tube SRL, con sede legale in Via Cervese 6221 47522 Cesena (FC), CF\/Partita IVA IT03891820403, indirizzo e-mail info@betubesrl.com, (di seguito \u201cTitolare\u201d), tramite [&hellip;]\" \/>\n<meta property=\"og:url\" content=\"https:\/\/turbulatorss.com\/it\/privacy-policy\/\" \/>\n<meta property=\"og:site_name\" content=\"Turbulators\" \/>\n<meta property=\"article:modified_time\" content=\"2024-02-14T09:17:26+00:00\" \/>\n<meta name=\"twitter:card\" content=\"summary_large_image\" \/>\n<meta name=\"twitter:label1\" content=\"Tempo di lettura stimato\" \/>\n\t<meta name=\"twitter:data1\" content=\"8 minuti\" \/>\n<script type=\"application\/ld+json\" class=\"yoast-schema-graph\">{\"@context\":\"https:\/\/schema.org\",\"@graph\":[{\"@type\":\"WebPage\",\"@id\":\"https:\/\/turbulatorss.com\/it\/privacy-policy\/\",\"url\":\"https:\/\/turbulatorss.com\/it\/privacy-policy\/\",\"name\":\"Privacy Policy - Turbulators\",\"isPartOf\":{\"@id\":\"https:\/\/turbulatorss.com\/#website\"},\"datePublished\":\"2024-02-14T09:15:32+00:00\",\"dateModified\":\"2024-02-14T09:17:26+00:00\",\"inLanguage\":\"it-IT\",\"potentialAction\":[{\"@type\":\"ReadAction\",\"target\":[\"https:\/\/turbulatorss.com\/it\/privacy-policy\/\"]}]},{\"@type\":\"WebSite\",\"@id\":\"https:\/\/turbulatorss.com\/#website\",\"url\":\"https:\/\/turbulatorss.com\/\",\"name\":\"Turbulators\",\"description\":\"Produzione di tubi bimetallici e alettati\",\"publisher\":{\"@id\":\"https:\/\/turbulatorss.com\/#organization\"},\"potentialAction\":[{\"@type\":\"SearchAction\",\"target\":{\"@type\":\"EntryPoint\",\"urlTemplate\":\"https:\/\/turbulatorss.com\/?s={search_term_string}\"},\"query-input\":\"required name=search_term_string\"}],\"inLanguage\":\"it-IT\"},{\"@type\":\"Organization\",\"@id\":\"https:\/\/turbulatorss.com\/#organization\",\"name\":\"Turbulators\",\"url\":\"https:\/\/turbulatorss.com\/\",\"logo\":{\"@type\":\"ImageObject\",\"inLanguage\":\"it-IT\",\"@id\":\"https:\/\/turbulatorss.com\/#\/schema\/logo\/image\/\",\"url\":\"https:\/\/turbulatorss.com\/wp-content\/uploads\/2023\/03\/be-tube-logo.png\",\"contentUrl\":\"https:\/\/turbulatorss.com\/wp-content\/uploads\/2023\/03\/be-tube-logo.png\",\"width\":1000,\"height\":500,\"caption\":\"Turbulators\"},\"image\":{\"@id\":\"https:\/\/turbulatorss.com\/#\/schema\/logo\/image\/\"}}]}<\/script>\n<!-- \/ Yoast SEO plugin. -->","yoast_head_json":{"title":"Privacy Policy - Turbulators","robots":{"index":"index","follow":"follow","max-snippet":"max-snippet:-1","max-image-preview":"max-image-preview:large","max-video-preview":"max-video-preview:-1"},"canonical":"https:\/\/turbulatorss.com\/it\/privacy-policy\/","og_locale":"it_IT","og_type":"article","og_title":"Privacy Policy - Turbulators","og_description":"Informativa Privacy Lo scopo del presente documento \u00e8 di informare la persona fisica (di seguito \u201cInteressato\u201d) relativamente al trattamento dei suoi dati personali (di seguito \u201cDati Personali\u201d) raccolti dal titolare del trattamento, Be. Tube SRL, con sede legale in Via Cervese 6221 47522 Cesena (FC), CF\/Partita IVA IT03891820403, indirizzo e-mail info@betubesrl.com, (di seguito \u201cTitolare\u201d), tramite [&hellip;]","og_url":"https:\/\/turbulatorss.com\/it\/privacy-policy\/","og_site_name":"Turbulators","article_modified_time":"2024-02-14T09:17:26+00:00","twitter_card":"summary_large_image","twitter_misc":{"Tempo di lettura stimato":"8 minuti"},"schema":{"@context":"https:\/\/schema.org","@graph":[{"@type":"WebPage","@id":"https:\/\/turbulatorss.com\/it\/privacy-policy\/","url":"https:\/\/turbulatorss.com\/it\/privacy-policy\/","name":"Privacy Policy - Turbulators","isPartOf":{"@id":"https:\/\/turbulatorss.com\/#website"},"datePublished":"2024-02-14T09:15:32+00:00","dateModified":"2024-02-14T09:17:26+00:00","inLanguage":"it-IT","potentialAction":[{"@type":"ReadAction","target":["https:\/\/turbulatorss.com\/it\/privacy-policy\/"]}]},{"@type":"WebSite","@id":"https:\/\/turbulatorss.com\/#website","url":"https:\/\/turbulatorss.com\/","name":"Turbulators","description":"Produzione di tubi bimetallici e alettati","publisher":{"@id":"https:\/\/turbulatorss.com\/#organization"},"potentialAction":[{"@type":"SearchAction","target":{"@type":"EntryPoint","urlTemplate":"https:\/\/turbulatorss.com\/?s={search_term_string}"},"query-input":"required name=search_term_string"}],"inLanguage":"it-IT"},{"@type":"Organization","@id":"https:\/\/turbulatorss.com\/#organization","name":"Turbulators","url":"https:\/\/turbulatorss.com\/","logo":{"@type":"ImageObject","inLanguage":"it-IT","@id":"https:\/\/turbulatorss.com\/#\/schema\/logo\/image\/","url":"https:\/\/turbulatorss.com\/wp-content\/uploads\/2023\/03\/be-tube-logo.png","contentUrl":"https:\/\/turbulatorss.com\/wp-content\/uploads\/2023\/03\/be-tube-logo.png","width":1000,"height":500,"caption":"Turbulators"},"image":{"@id":"https:\/\/turbulatorss.com\/#\/schema\/logo\/image\/"}}]}},"jetpack_sharing_enabled":true,"_links":{"self":[{"href":"https:\/\/turbulatorss.com\/it\/wp-json\/wp\/v2\/pages\/5716"}],"collection":[{"href":"https:\/\/turbulatorss.com\/it\/wp-json\/wp\/v2\/pages"}],"about":[{"href":"https:\/\/turbulatorss.com\/it\/wp-json\/wp\/v2\/types\/page"}],"author":[{"embeddable":true,"href":"https:\/\/turbulatorss.com\/it\/wp-json\/wp\/v2\/users\/1"}],"replies":[{"embeddable":true,"href":"https:\/\/turbulatorss.com\/it\/wp-json\/wp\/v2\/comments?post=5716"}],"version-history":[{"count":3,"href":"https:\/\/turbulatorss.com\/it\/wp-json\/wp\/v2\/pages\/5716\/revisions"}],"predecessor-version":[{"id":5719,"href":"https:\/\/turbulatorss.com\/it\/wp-json\/wp\/v2\/pages\/5716\/revisions\/5719"}],"wp:attachment":[{"href":"https:\/\/turbulatorss.com\/it\/wp-json\/wp\/v2\/media?parent=5716"}],"curies":[{"name":"wp","href":"https:\/\/api.w.org\/{rel}","templated":true}]}}